{"id":450,"date":"2023-01-05T13:24:47","date_gmt":"2023-01-05T11:24:47","guid":{"rendered":"http:\/\/quadern-int-int-recursos-test.azurewebsites.net\/?page_id=450"},"modified":"2023-02-13T14:59:37","modified_gmt":"2023-02-13T12:59:37","slug":"1-5-atributos","status":"publish","type":"page","link":"http:\/\/quadern-interaccio-interactivitat-test.recursos.uoc.edu\/es\/1-5-atributos\/","title":{"rendered":"1.5. Atributos"},"content":{"rendered":"<div class=\"featured featured-blue\"><p>Los <strong>atributos son caracter\u00edsticas o calidades<\/strong> que podemos asociar con las interfaces. M\u00e1s espec\u00edficamente, a menudo son empleados para evaluar la usabilidad de una interfaz. Se trata delementos importantes que hay que tener en cuenta, pero no son criterios definitivos ni hay que cumplirlos al cien por cien.De hecho, en muchos casos ya ver\u00e9is que tampoco son f\u00e1cilmente cuantificables.<\/p>\n<\/div>\n<p>M\u00e1s bien, estos atributos se influyen entre si, aparecen en diferentes grados y juntos acaban formando el car\u00e1cter y usabilidad de la interfaz:<\/p>\n<ol>\n<li><strong>Eficacia<\/strong>: tiene que ver con c\u00f3mo de f\u00e1cil es comprender la navegaci\u00f3n y la organizaci\u00f3n de la interfaz.<\/li>\n<li><strong>Eficiencia<\/strong>: la rapidez con que el usuario puede conseguir su objetivo una vez ha aprendido c\u00f3mo funciona la interfaz.<\/li>\n<li><strong>Satisfacci\u00f3n<\/strong>: la sensaci\u00f3n general \u2013y subjetiva\u2013 de los usuarios a la hora de usar la interfaz.<\/li>\n<li><strong>Coherencia<\/strong>: hace referencia al equilibrio y agrupaci\u00f3n de elementos.<\/li>\n<li><strong>Cr\u00edtica<\/strong>: grado de compromiso sobre las calidades, valores o defectos de aspectos culturales, sociales u otros.<\/li>\n<li><em><strong>Sensing<\/strong><\/em>: sensaci\u00f3n agradable.<\/li>\n<li><strong>Emoci\u00f3n<\/strong>: grado de reacci\u00f3n afectiva que causa.<\/li>\n<li><strong>Aspecto l\u00fadico<\/strong> (<em>playfulness<\/em>): permite a las personas usuarias conectar emocionalmente haciendo m\u00e1s amable y l\u00fadica la tarea o tareas llevadas a cabo.<\/li>\n<\/ol>\n<figure id=\"attachment_397\" aria-describedby=\"caption-attachment-397\" style=\"width: 450px\" class=\"wp-caption aligncenter\"><img decoding=\"async\" loading=\"lazy\" class=\"wp-image-397\" src=\"\/wp-content\/uploads\/2023\/02\/PID_00293914_12.jpg\" alt=\"\" width=\"450\" height=\"274\" \/><figcaption id=\"caption-attachment-397\" class=\"wp-caption-text\">Figura 10. Atributos de la usabilidad<br \/>Fuente: elaboraci\u00f3n propia.<\/figcaption><\/figure>\n<p>En general, una interfaz funcional querr\u00e1 ser intuitiva, natural, hacer m\u00e1s sencillo el proceso de comunicaci\u00f3n emocional, minimizar la frustraci\u00f3n y potenciar la informaci\u00f3n afectiva. Aun as\u00ed, para evaluar una interfaz se combinan calidades multifac\u00e9ticas, en que tambi\u00e9n entran componentes como la agencia, la est\u00e9tica y la hibridaci\u00f3n.<\/p>\n","protected":false},"excerpt":{"rendered":"<p>M\u00e1s bien, estos atributos se influyen entre si, aparecen en diferentes grados y juntos acaban formando el car\u00e1cter y usabilidad de la interfaz: Eficacia: tiene que ver con c\u00f3mo de f\u00e1cil es comprender la navegaci\u00f3n y la organizaci\u00f3n de la interfaz. Eficiencia: la rapidez con que el usuario puede conseguir su objetivo una vez ha [&hellip;]<\/p>\n","protected":false},"author":2,"featured_media":0,"parent":0,"menu_order":0,"comment_status":"closed","ping_status":"closed","template":"","meta":[],"acf":[],"_links":{"self":[{"href":"http:\/\/quadern-interaccio-interactivitat-test.recursos.uoc.edu\/es\/wp-json\/wp\/v2\/pages\/450"}],"collection":[{"href":"http:\/\/quadern-interaccio-interactivitat-test.recursos.uoc.edu\/es\/wp-json\/wp\/v2\/pages"}],"about":[{"href":"http:\/\/quadern-interaccio-interactivitat-test.recursos.uoc.edu\/es\/wp-json\/wp\/v2\/types\/page"}],"author":[{"embeddable":true,"href":"http:\/\/quadern-interaccio-interactivitat-test.recursos.uoc.edu\/es\/wp-json\/wp\/v2\/users\/2"}],"replies":[{"embeddable":true,"href":"http:\/\/quadern-interaccio-interactivitat-test.recursos.uoc.edu\/es\/wp-json\/wp\/v2\/comments?post=450"}],"version-history":[{"count":3,"href":"http:\/\/quadern-interaccio-interactivitat-test.recursos.uoc.edu\/es\/wp-json\/wp\/v2\/pages\/450\/revisions"}],"predecessor-version":[{"id":741,"href":"http:\/\/quadern-interaccio-interactivitat-test.recursos.uoc.edu\/es\/wp-json\/wp\/v2\/pages\/450\/revisions\/741"}],"wp:attachment":[{"href":"http:\/\/quadern-interaccio-interactivitat-test.recursos.uoc.edu\/es\/wp-json\/wp\/v2\/media?parent=450"}],"curies":[{"name":"wp","href":"https:\/\/api.w.org\/{rel}","templated":true}]}}