{"id":466,"date":"2023-01-05T13:34:02","date_gmt":"2023-01-05T11:34:02","guid":{"rendered":"http:\/\/quadern-int-int-recursos-test.azurewebsites.net\/?page_id=466"},"modified":"2023-02-08T16:35:24","modified_gmt":"2023-02-08T14:35:24","slug":"3-1-la-interfaz-como-hecho-cultural","status":"publish","type":"page","link":"http:\/\/quadern-interaccio-interactivitat-test.recursos.uoc.edu\/es\/3-1-la-interfaz-como-hecho-cultural\/","title":{"rendered":"3.1. La interfaz como hecho cultural"},"content":{"rendered":"<p>A lo largo de este apartado, profundizaremos en diversas <strong>aproximaciones cr\u00edticas a la interacci\u00f3n y a las interfaces<\/strong> y haremos un recorrido por algunos trabajos art\u00edsticos en sinton\u00eda con estos planteamientos. Las reflexiones que presentaremos a continuaci\u00f3n son complementarias a algunas que ya hemos ido comentando, como la idea obsoleta de la transparencia de las interfaces o el exceso de pantallas de los artefactos interactivos.<\/p>\n<p>El objetivo ahora y durante los apartados siguientes es abrir un abanico amplio de posibilidades de <strong>reflexi\u00f3n cr\u00edtica<\/strong> en relaci\u00f3n con el campo de <strong>la interacci\u00f3n y la pr\u00e1ctica art\u00edstica<\/strong>. Hay que repensar, por un lado, las nociones que sostienen la usabilidad y otros planteamientos formales que hemos ido exponiendo y que, a pesar de ser \u00fatiles para dise\u00f1ar interfaces, merece la pena reflexionar qu\u00e9 comporta su uso, que, en muchos casos, se ha generalizado, escondiendo otras v\u00edas de experimentaci\u00f3n. Por otro lado, hay una serie de din\u00e1micas sociales, pol\u00edticas, econ\u00f3micas y culturales en relaci\u00f3n con las interfaces en qu\u00e9 es necesario indagar y que tambi\u00e9n representan un terreno amplio de reflexi\u00f3n y de acci\u00f3n desde la pr\u00e1ctica art\u00edstica.<\/p>\n<p>Aun as\u00ed, tenemos que ser conscientes que problematitzar alrededor de las interfaces no har\u00e1 que nos liberemos de las <strong>relaciones de poder<\/strong> que sabemos que esconden, porque estas relaciones van ligadas a la sociedad en la medida que vivir en sociedad es vivir de forma que se pueden ejercer acciones sobre las acciones de otros. Lo que s\u00ed que puede ser es una oportunidad para tener una visi\u00f3n m\u00e1s cr\u00edtica de las interfaces y tenerlo en cuenta a la hora de crear nuestros proyectos de manera propositiva, dando espacio a imaginarnos otros mecanismos y relaciones en la interacci\u00f3n y la interactividad.<\/p>\n<div class=\"featured featured-blue\"><p>Tal como repetimos varias veces, entendemos que las interfaces expresan nuestras maneras de estar en el mundo, pero a la vez las influyen, transforman e, incluso determinan, por lo tanto, contextos culturales y sociales.<\/p>\n<\/div>\n<p>Igual que nuestras maneras de vivir no son est\u00e1ticas, las interfaces tampoco; al contrario, son algo vivo que hay que abordar, reapropiarnos o, incluso, performar. El \u00e1mbito art\u00edstico es muy adecuado, puesto que puede funcionar como una fuerza disruptiva que <strong>desenmascara las fricciones de la interfaz conjugando una dimensi\u00f3n conceptual con una de est\u00e9tica<\/strong>.<\/p>\n<p>A pesar de que usaremos a menudo la palabra <strong><em>interfaz<\/em><\/strong>, no nos referimos solo a las interfaces gr\u00e1ficas de usuario, sino tambi\u00e9n a aquellos tipos de interfaces que permiten <strong>diferentes formas de interacci\u00f3n<\/strong>, como por ejemplo interfaces gestuales, por voz o tangibles que no requieren necesariamente una pantalla.<\/p>\n","protected":false},"excerpt":{"rendered":"<p>A lo largo de este apartado, profundizaremos en diversas aproximaciones cr\u00edticas a la interacci\u00f3n y a las interfaces y haremos un recorrido por algunos trabajos art\u00edsticos en sinton\u00eda con estos planteamientos. Las reflexiones que presentaremos a continuaci\u00f3n son complementarias a algunas que ya hemos ido comentando, como la idea obsoleta de la transparencia de las [&hellip;]<\/p>\n","protected":false},"author":2,"featured_media":0,"parent":0,"menu_order":0,"comment_status":"closed","ping_status":"closed","template":"","meta":[],"acf":[],"_links":{"self":[{"href":"http:\/\/quadern-interaccio-interactivitat-test.recursos.uoc.edu\/es\/wp-json\/wp\/v2\/pages\/466"}],"collection":[{"href":"http:\/\/quadern-interaccio-interactivitat-test.recursos.uoc.edu\/es\/wp-json\/wp\/v2\/pages"}],"about":[{"href":"http:\/\/quadern-interaccio-interactivitat-test.recursos.uoc.edu\/es\/wp-json\/wp\/v2\/types\/page"}],"author":[{"embeddable":true,"href":"http:\/\/quadern-interaccio-interactivitat-test.recursos.uoc.edu\/es\/wp-json\/wp\/v2\/users\/2"}],"replies":[{"embeddable":true,"href":"http:\/\/quadern-interaccio-interactivitat-test.recursos.uoc.edu\/es\/wp-json\/wp\/v2\/comments?post=466"}],"version-history":[{"count":1,"href":"http:\/\/quadern-interaccio-interactivitat-test.recursos.uoc.edu\/es\/wp-json\/wp\/v2\/pages\/466\/revisions"}],"predecessor-version":[{"id":479,"href":"http:\/\/quadern-interaccio-interactivitat-test.recursos.uoc.edu\/es\/wp-json\/wp\/v2\/pages\/466\/revisions\/479"}],"wp:attachment":[{"href":"http:\/\/quadern-interaccio-interactivitat-test.recursos.uoc.edu\/es\/wp-json\/wp\/v2\/media?parent=466"}],"curies":[{"name":"wp","href":"https:\/\/api.w.org\/{rel}","templated":true}]}}