{"id":470,"date":"2023-01-05T13:36:51","date_gmt":"2023-01-05T11:36:51","guid":{"rendered":"http:\/\/quadern-int-int-recursos-test.azurewebsites.net\/?page_id=470"},"modified":"2023-02-13T16:44:45","modified_gmt":"2023-02-13T14:44:45","slug":"3-3-3-consecuencias-climaticas","status":"publish","type":"page","link":"http:\/\/quadern-interaccio-interactivitat-test.recursos.uoc.edu\/es\/3-3-3-consecuencias-climaticas\/","title":{"rendered":"3.3.3. Consecuencias clim\u00e1ticas"},"content":{"rendered":"<p>A menudo, pues, con met\u00e1foras como lo <strong>nube<\/strong> olvidamos que <strong>el mundo digital no es una cosa et\u00e9rea<\/strong>, sino que hay unas infraestructuras f\u00edsicas que permiten nuestras comunicaciones e interacciones. Estas mismas infraestructuras, para poder funcionar 24\/7, necesitan electricidad y, por lo tanto, consumen recursos naturales. Por ejemplo, se calcula que en 2018, el consumo global de los centros de datos fue de 205 terawatts por hora. Esto equivale a un 2 % del consumo el\u00e9ctrico mundial. Las consecuencias ambientales son otra dimensi\u00f3n que a menudo no tenemos presente y que queda difuminada cuando pensamos en las tecnolog\u00edas de la comunicaci\u00f3n digital.<\/p>\n<p>Una de las artistas que m\u00e1s ha trabajado desde esta perspectiva es Joana Moll.Concretamente, su proyecto <a href=\"https:\/\/www.janavirgin.com\/co2gle.html\" target=\"_blank\" rel=\"noopener\"><em>CO2GLE<\/em><\/a> (2015) muestra la cantidad de CO<sub>2<\/sub> que se emite cada segundo con las visitas globales a Google. Se sirve de un contador que sube sin cesar, haciendo una visualizaci\u00f3n con n\u00fameros de los kg de CO<sub>2<\/sub> emitidos desde que el usuario ha abierto la p\u00e1gina.<\/p>\n<p>En <a href=\"https:\/\/www.janavirgin.com\/deforest.html\" target=\"_blank\" rel=\"noopener\"><em>Defoooooooooooooooooooorest<\/em><\/a> (2016) retoma la misma tem\u00e1tica para mostrar el impacto ambiental de otro modo: con la cantidad de \u00e1rboles necesarios para absorber la cantidad de CO<sub>2<\/sub> generada por las visitas globales en Google cada segundo. En este caso, lo que vemos es una serie de im\u00e1genes de \u00e1rboles que van llenando progresivamente la pantalla.<\/p>\n<figure id=\"attachment_408\" aria-describedby=\"caption-attachment-408\" style=\"width: 640px\" class=\"wp-caption alignnone\"><img decoding=\"async\" class=\"wp-image-409 size-full\" src=\"\/wp-content\/uploads\/2023\/01\/PID_00293913_23.jpg\" alt=\"\" width=\"640\" \/><figcaption id=\"caption-attachment-408\" class=\"wp-caption-text\">Figura 22. Imagen del proyecto <em>Defoooooooooooooooooooorest<\/em> (2016) de Joana Moll<br \/>Fuente: <a href=\"https:\/\/www.janavirgin.com\/deforest.html\" target=\"_blank\" rel=\"noopener\">web de la artista<\/a>.<\/figcaption><\/figure>\n","protected":false},"excerpt":{"rendered":"<p>A menudo, pues, con met\u00e1foras como lo nube olvidamos que el mundo digital no es una cosa et\u00e9rea, sino que hay unas infraestructuras f\u00edsicas que permiten nuestras comunicaciones e interacciones. Estas mismas infraestructuras, para poder funcionar 24\/7, necesitan electricidad y, por lo tanto, consumen recursos naturales. Por ejemplo, se calcula que en 2018, el consumo [&hellip;]<\/p>\n","protected":false},"author":2,"featured_media":0,"parent":0,"menu_order":0,"comment_status":"closed","ping_status":"closed","template":"","meta":[],"acf":[],"_links":{"self":[{"href":"http:\/\/quadern-interaccio-interactivitat-test.recursos.uoc.edu\/es\/wp-json\/wp\/v2\/pages\/470"}],"collection":[{"href":"http:\/\/quadern-interaccio-interactivitat-test.recursos.uoc.edu\/es\/wp-json\/wp\/v2\/pages"}],"about":[{"href":"http:\/\/quadern-interaccio-interactivitat-test.recursos.uoc.edu\/es\/wp-json\/wp\/v2\/types\/page"}],"author":[{"embeddable":true,"href":"http:\/\/quadern-interaccio-interactivitat-test.recursos.uoc.edu\/es\/wp-json\/wp\/v2\/users\/2"}],"replies":[{"embeddable":true,"href":"http:\/\/quadern-interaccio-interactivitat-test.recursos.uoc.edu\/es\/wp-json\/wp\/v2\/comments?post=470"}],"version-history":[{"count":3,"href":"http:\/\/quadern-interaccio-interactivitat-test.recursos.uoc.edu\/es\/wp-json\/wp\/v2\/pages\/470\/revisions"}],"predecessor-version":[{"id":766,"href":"http:\/\/quadern-interaccio-interactivitat-test.recursos.uoc.edu\/es\/wp-json\/wp\/v2\/pages\/470\/revisions\/766"}],"wp:attachment":[{"href":"http:\/\/quadern-interaccio-interactivitat-test.recursos.uoc.edu\/es\/wp-json\/wp\/v2\/media?parent=470"}],"curies":[{"name":"wp","href":"https:\/\/api.w.org\/{rel}","templated":true}]}}