{"id":471,"date":"2023-01-05T13:37:20","date_gmt":"2023-01-05T11:37:20","guid":{"rendered":"http:\/\/quadern-int-int-recursos-test.azurewebsites.net\/?page_id=471"},"modified":"2023-02-13T16:49:32","modified_gmt":"2023-02-13T14:49:32","slug":"3-3-4-vigilancia-y-geopolitica","status":"publish","type":"page","link":"http:\/\/quadern-interaccio-interactivitat-test.recursos.uoc.edu\/es\/3-3-4-vigilancia-y-geopolitica\/","title":{"rendered":"3.3.4. Vigilancia y geopol\u00edtica"},"content":{"rendered":"<p>La <strong>presencia de la tecnolog\u00eda y las interfaces<\/strong> se extiende cada vez a m\u00e1s \u00e1mbitos vitales con un alcance de escala planetaria. Esto no solo implica claras consecuencias clim\u00e1ticas, como hemos visto, sino que tambi\u00e9n <strong>afecta nuestra privacidad y traza nuevas relaciones geopol\u00edticas<\/strong>.<\/p>\n<p>Por un lado, la <strong>concentraci\u00f3n del negocio tecnol\u00f3gico<\/strong> tiende claramente a concentrarse en unas pocas manos. Los llamados <em>gigantes tecnol\u00f3gicos<\/em> diversifican sus actividades hasta el punto que, por ejemplo, Google, Amazon, Microsoft y Meta ya disponen de sus propios cables submarinos. Esto implica que estas grandes empresas tendr\u00e1n todav\u00eda menos restricciones a la hora de gestionar los datos, es decir, <strong>nuestras comunicaciones est\u00e1n en manos privadas<\/strong> y, por lo tanto, en manos de sus intereses como negocios.<\/p>\n<p>Por otro lado, las pol\u00edticas de estas empresas transnacionales chocan con las de los diferentes pa\u00edses y a la vez redibujan las tradicionales fronteras geogr\u00e1ficas.<\/p>\n<p>Un tercer aspecto dentro de este bloque de contenidos es el <strong>capitalismo de vigilancia<\/strong>, un t\u00e9rmino que hace referencia a c\u00f3mo cedemos los datos continuamente a las empresas privadas, que los usan para hacer negocio. Cada vez que hacemos <em>Me gusta<\/em> en una red social o que buscamos ciertos servicios o productos en Google, nuestros gustos e intereses son utilizados para construir modelos computacionales que ayuden a predecir comportamientos, por ejemplo, con publicidad personalizada. Para mayor informaci\u00f3n, pod\u00e9is consultar la ficha <a href=\"http:\/\/design-toolkit.recursos.uoc.edu\/es\/el-capitalismo-de-la-vigilancia\/\" target=\"_blank\" rel=\"noopener\">capitalismo de la vigilancia<\/a> en el <em><a href=\"http:\/\/design-toolkit.recursos.uoc.edu\/es\/\" target=\"_blank\" rel=\"noopener\">Design Toolkit<\/a>.<\/em><\/p>\n<p>Un colectivo que desde el 2007 hasta el 2013, aproximadamente, abord\u00f3 estas cuestiones es <em>Free and Art Technology Lab<\/em> (m\u00e1s conocidos como F.A.T. Lab). De perfiles diversos \u2013artistas, ingenieros o abogados\u2013 realizaron proyectos colaborativos que confrontaban la progresiva privatizaci\u00f3n de internet y la homogeneizaci\u00f3n de los discursos alrededor del mundo digital. Siempre con sentido del humor, esp\u00edritu hacker y licencias abiertas para que todo el mundo pudiera copiar o replicar sus proyectos.<\/p>\n<p>Por ejemplo, dentro de F.A.T. Lab, Jamie Dubs cre\u00f3 <em>Google Alarm Firefox Add-on<\/em>, en 2009, una extensi\u00f3n que avisa el usuario cuando su informaci\u00f3n personal empieza a enviar a servidores de Google. De este modo, pon\u00eda en evidencia que no solo enviamos datos a Google cuando usamos el buscador, sino que su presencia se extiende a muchos m\u00e1s servicios y webs.<\/p>\n<p>Algo m\u00e1s reciente, del 2022, es <em><a href=\"https:\/\/adnauseam.io\/\" target=\"_blank\" rel=\"noopener\">Ad Nauseam<\/a><\/em>, una extensi\u00f3n de Firefox que hace clics autom\u00e1ticamente a los diferentes anuncios para proveer de muchos y varios datos, tantos que finalmente ofusca y hace absurda la tarea de seguimiento del usuario en sus gustos e intereses.<\/p>\n<p>En un sentido parecido se sit\u00faa el proyecto <a href=\"https:\/\/escuderoandaluz.com\/2015\/06\/08\/inter_fight\/\" target=\"_blank\" rel=\"noopener\"><em>Interfight<\/em><\/a> de Cesar Escudero Andaluz, del 2015. Se trata de una instalaci\u00f3n l\u00fadica y cr\u00edtica que invita a los usuarios a interactuar con una serie de robots f\u00edsicos que a la vez est\u00e1n interactuando libremente con pantallas t\u00e1ctiles. Los robots acceden y navegan por webs, redes sociales o aplicaciones, haciendo clic, desplaz\u00e1ndose arriba y abajo, abriendo o cerrando enlaces, etc.<\/p>\n<p><iframe loading=\"lazy\" title=\"Interfight\" src=\"https:\/\/player.vimeo.com\/video\/249856272?h=2c12b684fa&amp;dnt=1&amp;app_id=122963\" width=\"640\" height=\"360\" frameborder=\"0\" allow=\"autoplay; fullscreen; picture-in-picture\" allowfullscreen><\/iframe><\/p>\n<p>Si bien la mayor\u00eda de propuestas cr\u00edticas est\u00e1n relacionadas con las interfaces gr\u00e1ficas, tambi\u00e9n hay proyectos cr\u00edticos con la interfaz que se basan en un estilo de interacci\u00f3n por voz. Dos proyectos que merece la pena mencionar son <a href=\"https:\/\/rubezchong.com\/hacking-voice-assistants\" target=\"_blank\" rel=\"noopener\"><em>HackKIT<\/em><\/a>, de Rubez Chong y <a href=\"https:\/\/bjoernkarmann.dk\/project\/project_alias\" target=\"_blank\" rel=\"noopener\"><em>Project Alias<\/em><\/a>, de Bj\u00f8rn Karmann. Las dos propuestas abordan la capacidad de los asistentes de voz de escucharnos, aunque sea pasivamente, las veinticuatro horas del d\u00eda y los peligros que esto puede comportar para la privacidad. Concretamente, crean una serie de objetos que podemos poner encima de los altavoces inteligentes y que contienen a la vez un circuito de sonido que hace interferencias y dificulta la escucha por parte de estos dispositivos. En el caso de Bj\u00f8rn Karmann, su proyecto ofrece la posibilidad de usar una aplicaci\u00f3n para entrenar Alias, el objeto que tapa el altavoz, y as\u00ed dejar en sus manos el control.<\/p>\n","protected":false},"excerpt":{"rendered":"<p>La presencia de la tecnolog\u00eda y las interfaces se extiende cada vez a m\u00e1s \u00e1mbitos vitales con un alcance de escala planetaria. Esto no solo implica claras consecuencias clim\u00e1ticas, como hemos visto, sino que tambi\u00e9n afecta nuestra privacidad y traza nuevas relaciones geopol\u00edticas. Por un lado, la concentraci\u00f3n del negocio tecnol\u00f3gico tiende claramente a concentrarse [&hellip;]<\/p>\n","protected":false},"author":2,"featured_media":0,"parent":0,"menu_order":0,"comment_status":"closed","ping_status":"closed","template":"","meta":[],"acf":[],"_links":{"self":[{"href":"http:\/\/quadern-interaccio-interactivitat-test.recursos.uoc.edu\/es\/wp-json\/wp\/v2\/pages\/471"}],"collection":[{"href":"http:\/\/quadern-interaccio-interactivitat-test.recursos.uoc.edu\/es\/wp-json\/wp\/v2\/pages"}],"about":[{"href":"http:\/\/quadern-interaccio-interactivitat-test.recursos.uoc.edu\/es\/wp-json\/wp\/v2\/types\/page"}],"author":[{"embeddable":true,"href":"http:\/\/quadern-interaccio-interactivitat-test.recursos.uoc.edu\/es\/wp-json\/wp\/v2\/users\/2"}],"replies":[{"embeddable":true,"href":"http:\/\/quadern-interaccio-interactivitat-test.recursos.uoc.edu\/es\/wp-json\/wp\/v2\/comments?post=471"}],"version-history":[{"count":3,"href":"http:\/\/quadern-interaccio-interactivitat-test.recursos.uoc.edu\/es\/wp-json\/wp\/v2\/pages\/471\/revisions"}],"predecessor-version":[{"id":768,"href":"http:\/\/quadern-interaccio-interactivitat-test.recursos.uoc.edu\/es\/wp-json\/wp\/v2\/pages\/471\/revisions\/768"}],"wp:attachment":[{"href":"http:\/\/quadern-interaccio-interactivitat-test.recursos.uoc.edu\/es\/wp-json\/wp\/v2\/media?parent=471"}],"curies":[{"name":"wp","href":"https:\/\/api.w.org\/{rel}","templated":true}]}}