{"id":472,"date":"2023-01-05T13:37:46","date_gmt":"2023-01-05T11:37:46","guid":{"rendered":"http:\/\/quadern-int-int-recursos-test.azurewebsites.net\/?page_id=472"},"modified":"2023-02-14T10:57:33","modified_gmt":"2023-02-14T08:57:33","slug":"3-3-5-adicciones","status":"publish","type":"page","link":"http:\/\/quadern-interaccio-interactivitat-test.recursos.uoc.edu\/es\/3-3-5-adicciones\/","title":{"rendered":"3.3.5. Adicciones"},"content":{"rendered":"<p>La cuesti\u00f3n de las <strong>adicciones<\/strong> est\u00e1 estrechamente ligada a lo que acabamos de plantear sobre la <strong>vigilancia<\/strong>, puesto que se desprende del prop\u00f3sito de las grandes empresas tecnol\u00f3gicas, que es tener el usuario enganchado, haciendo clics y engrosando las redes sociales, comprando a trav\u00e9s de tiendas en l\u00ednea o consumiendo series de sus plataformas, es decir, haciendo uso de todo lo que ofrecen sin cesar. En estos casos, por medio del dise\u00f1o, la tecnolog\u00eda se pone al servicio de la persuasi\u00f3n. Para mayor informaci\u00f3n, pod\u00e9is consultar la ficha <a href=\"http:\/\/design-toolkit.recursos.uoc.edu\/es\/disenar-la-adiccion\/\" target=\"_blank\" rel=\"noopener\">Dise\u00f1ar la adicci\u00f3n<\/a> en el <a href=\"http:\/\/design-toolkit.uoc.edu\/es\/\" target=\"_blank\" rel=\"noopener\"><em>Design Toolkit<\/em><\/a>.<\/p>\n<p>Un proyecto en esta l\u00ednea es <em>Social Roulette<\/em>, una web creada por varios artistas en el marco del ya mencionado F.A.T. Lab. Se trata de una web planteada como un juego de azar en que el usuario tiene una de seis posibilidades que su cuenta de Facebook sea borrada. En realidad, lo m\u00e1s ir\u00f3nico es que la web nunca lleg\u00f3 a funcionar, pero sirvi\u00f3 para generar debate alrededor del control y la adicci\u00f3n en las redes sociales.<\/p>\n<p>M\u00e1s adelante, en 2021, el artista Ben Grosser propone <a href=\"https:\/\/bengrosser.com\/projects\/minus\/\" target=\"_blank\" rel=\"noopener\"><em>Minus<\/em><\/a>, una red social que solo provee de 100 <em>Me gusta<\/em> a quien se registre, que los ir\u00e1 gastando progresivamente hasta que llegue a cero. Limitando los <em>Me gusta<\/em>, el proyecto confronta la velocidad y la acumulaci\u00f3n en que se basan las redes sociales.<\/p>\n<p>De manera m\u00e1s transversal, el artista Dasha Ilina propone <a href=\"https:\/\/centerfortechpain.com\/\" target=\"_blank\" rel=\"noopener\"><em>Center for technological pain<\/em><\/a>, un proyecto en formato web \u2013que tambi\u00e9n toma forma de instalaciones en espacios art\u00edsticos\u2013 que ofrece varias soluciones para los problemas de salud causados por el uso prolongado de dispositivos y artefactos tecnol\u00f3gicos. Incluye propuestas Do It Yourself con materiales de bajo coste de objetos que aliviar\u00e1n el dolor, por ejemplo, de la sequedad de ojos, el insomnio o el mal de cervicales.<\/p>\n","protected":false},"excerpt":{"rendered":"<p>La cuesti\u00f3n de las adicciones est\u00e1 estrechamente ligada a lo que acabamos de plantear sobre la vigilancia, puesto que se desprende del prop\u00f3sito de las grandes empresas tecnol\u00f3gicas, que es tener el usuario enganchado, haciendo clics y engrosando las redes sociales, comprando a trav\u00e9s de tiendas en l\u00ednea o consumiendo series de sus plataformas, es [&hellip;]<\/p>\n","protected":false},"author":2,"featured_media":0,"parent":0,"menu_order":0,"comment_status":"closed","ping_status":"closed","template":"","meta":[],"acf":[],"_links":{"self":[{"href":"http:\/\/quadern-interaccio-interactivitat-test.recursos.uoc.edu\/es\/wp-json\/wp\/v2\/pages\/472"}],"collection":[{"href":"http:\/\/quadern-interaccio-interactivitat-test.recursos.uoc.edu\/es\/wp-json\/wp\/v2\/pages"}],"about":[{"href":"http:\/\/quadern-interaccio-interactivitat-test.recursos.uoc.edu\/es\/wp-json\/wp\/v2\/types\/page"}],"author":[{"embeddable":true,"href":"http:\/\/quadern-interaccio-interactivitat-test.recursos.uoc.edu\/es\/wp-json\/wp\/v2\/users\/2"}],"replies":[{"embeddable":true,"href":"http:\/\/quadern-interaccio-interactivitat-test.recursos.uoc.edu\/es\/wp-json\/wp\/v2\/comments?post=472"}],"version-history":[{"count":4,"href":"http:\/\/quadern-interaccio-interactivitat-test.recursos.uoc.edu\/es\/wp-json\/wp\/v2\/pages\/472\/revisions"}],"predecessor-version":[{"id":770,"href":"http:\/\/quadern-interaccio-interactivitat-test.recursos.uoc.edu\/es\/wp-json\/wp\/v2\/pages\/472\/revisions\/770"}],"wp:attachment":[{"href":"http:\/\/quadern-interaccio-interactivitat-test.recursos.uoc.edu\/es\/wp-json\/wp\/v2\/media?parent=472"}],"curies":[{"name":"wp","href":"https:\/\/api.w.org\/{rel}","templated":true}]}}