{"id":488,"date":"2023-01-05T13:49:11","date_gmt":"2023-01-05T11:49:11","guid":{"rendered":"http:\/\/quadern-int-int-recursos-test.azurewebsites.net\/?page_id=488"},"modified":"2023-02-14T11:04:56","modified_gmt":"2023-02-14T09:04:56","slug":"3-3-7-epilogo","status":"publish","type":"page","link":"http:\/\/quadern-interaccio-interactivitat-test.recursos.uoc.edu\/es\/3-3-7-epilogo\/","title":{"rendered":"3.3.7. Ep\u00edlogo"},"content":{"rendered":"<p>Para terminar, queremos compartir un material que reflexiona alrededor de varios conceptos y din\u00e1micas que han ido surgiendo a lo largo de los apartados. Se trata de <a href=\"https:\/\/titipi.org\/projects\/discomfort\/CatalogOFFDigitalDiscomfort.pdf\" target=\"_blank\" rel=\"noopener\"><em>A catalog of formats for digital discomfort<\/em><\/a>. Se trata de una colecci\u00f3n antisolucionista realizada por Jara Rocha con el prop\u00f3sito de documentar la posibilidad de pr\u00e1cticas que signifiquen una contrafuerza en relaci\u00f3n con las l\u00f3gicas dominantes, especialmente, las que se impusieron r\u00e1pidamente durante la crisis de la covid y que tienen que ver con la<em> zoomificaci\u00f3n<\/em>.<\/p>\n<p>Pod\u00e9is encontrar informaci\u00f3n ampliada sobre estos elementos en el <a href=\"http:\/\/design-toolkit.uoc.edu\/es\/\" target=\"_blank\" rel=\"noopener\"><em>Design Toolkit<\/em><\/a> de la UOC en la secci\u00f3n <em>Miradas.<\/em><\/p>\n<p><div class='content-column one_fourth'><div style=\"padding-top:0px;padding-right:5px;\"><a href=\"http:\/\/design-toolkit.uoc.edu\/es\/persuasio\/\" target=\"_blank\" rel=\"noopener\"><img decoding=\"async\" loading=\"lazy\" class=\"alignnone wp-image-85 size-thumbnail\" src=\"\/wp-content\/uploads\/2023\/02\/PID_00293914_25.jpg\" alt=\"\" width=\"350\" height=\"413\" \/><\/a><\/div><\/div><div class='content-column one_fourth'><div style=\"padding-top:0px;padding-right:5px;\"><a href=\"http:\/\/design-toolkit.uoc.edu\/es\/agencia\/\" target=\"_blank\" rel=\"noopener\"><img decoding=\"async\" loading=\"lazy\" class=\"alignnone wp-image-85 size-full\" src=\"\/wp-content\/uploads\/2023\/02\/PID_00293914_26.jpg\" alt=\"\" width=\"350\" height=\"413\" \/><\/a><\/div><\/div><div class='content-column one_fourth'><div style=\"padding-top:0px;padding-right:5px;\"><a href=\"http:\/\/design-toolkit.uoc.edu\/es\/clickbait\/\" target=\"_blank\" rel=\"noopener\"><img decoding=\"async\" loading=\"lazy\" class=\"alignnone wp-image-85 size-full\" src=\"\/wp-content\/uploads\/2023\/02\/PID_00293914_27.jpg\" alt=\"\" width=\"350\" height=\"413\" \/><\/a><\/div><\/div><div class='content-column one_fourth last_column'><a href=\"http:\/\/design-toolkit.uoc.edu\/es\/dissenyar-ladiccio\/\" target=\"_blank\" rel=\"noopener\"><img decoding=\"async\" loading=\"lazy\" class=\"alignnone wp-image-85 size-full\" src=\"\/wp-content\/uploads\/2023\/02\/PID_00293914_28.jpg\" alt=\"\" width=\"350\" height=\"413\" \/><\/a><\/div><div class='clear_column'><\/div><br \/>\n<div class='content-column one_fourth'><div style=\"padding-top:0px;padding-right:5px;\"><a href=\"http:\/\/design-toolkit.uoc.edu\/es\/economia-de-latencio\/\" target=\"_blank\" rel=\"noopener\"><img decoding=\"async\" loading=\"lazy\" class=\"alignnone wp-image-85 size-full\" src=\"\/wp-content\/uploads\/2023\/02\/PID_00293914_29.jpg\" alt=\"\" width=\"350\" height=\"413\" \/><\/a><\/div><\/div><div class='content-column one_fourth'><div style=\"padding-top:0px;padding-right:5px;\"><a href=\"http:\/\/design-toolkit.uoc.edu\/es\/el-biaix-del-dissenyador\/\" target=\"_blank\" rel=\"noopener\"><img decoding=\"async\" loading=\"lazy\" class=\"alignnone wp-image-85 size-full\" src=\"\/wp-content\/uploads\/2023\/02\/PID_00293914_30.jpg\" alt=\"\" width=\"350\" height=\"413\" \/><\/a><\/div><\/div><div class='content-column one_fourth'><div style=\"padding-top:0px;padding-right:5px;\"><a href=\"http:\/\/design-toolkit.uoc.edu\/es\/el-capitalisme-de-la-vigilancia\/\" target=\"_blank\" rel=\"noopener\"><img decoding=\"async\" loading=\"lazy\" class=\"alignnone wp-image-85 size-full\" src=\"\/wp-content\/uploads\/2023\/02\/PID_00293914_31.jpg\" alt=\"\" width=\"350\" height=\"413\" \/><\/a><\/div><\/div><div class='content-column one_fourth last_column'><a href=\"http:\/\/design-toolkit.uoc.edu\/es\/factors-humans-psicologics-i-biaixos-cognitius\/\" target=\"_blank\" rel=\"noopener\"><img decoding=\"async\" loading=\"lazy\" class=\"alignnone wp-image-85 size-full\" src=\"\/wp-content\/uploads\/2023\/02\/PID_00293914_32.jpg\" alt=\"\" width=\"350\" height=\"413\" \/><\/a><\/div><div class='clear_column'><\/div><\/p>\n","protected":false},"excerpt":{"rendered":"<p>Para terminar, queremos compartir un material que reflexiona alrededor de varios conceptos y din\u00e1micas que han ido surgiendo a lo largo de los apartados. Se trata de A catalog of formats for digital discomfort. Se trata de una colecci\u00f3n antisolucionista realizada por Jara Rocha con el prop\u00f3sito de documentar la posibilidad de pr\u00e1cticas que signifiquen [&hellip;]<\/p>\n","protected":false},"author":2,"featured_media":0,"parent":0,"menu_order":0,"comment_status":"closed","ping_status":"closed","template":"","meta":[],"acf":[],"_links":{"self":[{"href":"http:\/\/quadern-interaccio-interactivitat-test.recursos.uoc.edu\/es\/wp-json\/wp\/v2\/pages\/488"}],"collection":[{"href":"http:\/\/quadern-interaccio-interactivitat-test.recursos.uoc.edu\/es\/wp-json\/wp\/v2\/pages"}],"about":[{"href":"http:\/\/quadern-interaccio-interactivitat-test.recursos.uoc.edu\/es\/wp-json\/wp\/v2\/types\/page"}],"author":[{"embeddable":true,"href":"http:\/\/quadern-interaccio-interactivitat-test.recursos.uoc.edu\/es\/wp-json\/wp\/v2\/users\/2"}],"replies":[{"embeddable":true,"href":"http:\/\/quadern-interaccio-interactivitat-test.recursos.uoc.edu\/es\/wp-json\/wp\/v2\/comments?post=488"}],"version-history":[{"count":4,"href":"http:\/\/quadern-interaccio-interactivitat-test.recursos.uoc.edu\/es\/wp-json\/wp\/v2\/pages\/488\/revisions"}],"predecessor-version":[{"id":774,"href":"http:\/\/quadern-interaccio-interactivitat-test.recursos.uoc.edu\/es\/wp-json\/wp\/v2\/pages\/488\/revisions\/774"}],"wp:attachment":[{"href":"http:\/\/quadern-interaccio-interactivitat-test.recursos.uoc.edu\/es\/wp-json\/wp\/v2\/media?parent=488"}],"curies":[{"name":"wp","href":"https:\/\/api.w.org\/{rel}","templated":true}]}}