{"id":489,"date":"2023-01-05T13:50:01","date_gmt":"2023-01-05T11:50:01","guid":{"rendered":"http:\/\/quadern-int-int-recursos-test.azurewebsites.net\/?page_id=489"},"modified":"2023-02-14T12:54:10","modified_gmt":"2023-02-14T10:54:10","slug":"3-4-aproximaciones-metodologicas","status":"publish","type":"page","link":"http:\/\/quadern-interaccio-interactivitat-test.recursos.uoc.edu\/es\/3-4-aproximaciones-metodologicas\/","title":{"rendered":"3.4. Aproximaciones metodol\u00f3gicas"},"content":{"rendered":"<p>La cr\u00edtica a las interfaces y la interacci\u00f3n se puede llevar a cabo desde diferentes aproximaciones que buscan y proponen reflexionar sobre nuestras relaciones con los (nuevos) medios tecnol\u00f3gicos, desde las condiciones de producci\u00f3n hasta las implicaciones econ\u00f3micas o los efectos que tiene para otras especies y tambi\u00e9n clim\u00e1ticamente de manera m\u00e1s amplia.<\/p>\n<figure id=\"attachment_683\" aria-describedby=\"caption-attachment-683\" style=\"width: 640px\" class=\"wp-caption alignnone\"><img decoding=\"async\" loading=\"lazy\" class=\"wp-image-683 size-full\" src=\"\/wp-content\/uploads\/2023\/02\/PID_00293913_33.jpg\" alt=\"\" width=\"640\" height=\"75\" srcset=\"\/wp-content\/uploads\/2023\/02\/PID_00293913_33.jpg 640w, \/wp-content\/uploads\/2023\/02\/PID_00293913_33-300x35.jpg 300w\" sizes=\"(max-width: 640px) 100vw, 640px\" \/><figcaption id=\"caption-attachment-683\" class=\"wp-caption-text\">Figura 24. Aproximaciones metodol\u00f3gicas<br \/>Fuente: elaboraci\u00f3n propia.<\/figcaption><\/figure>\n<p>Uno de los proyectos que queremos destacar es <strong><em>Manifiesto para una aproximaci\u00f3n cr\u00edtica a la interfaz de usuario<\/em><\/strong>, m\u00e1s conocido por su nombre acortado, <strong><em>Interface Manifiesto<\/em><\/strong>.Es el resultado de una investigaci\u00f3n coral y multidisciplinaria que se llev\u00f3 a cabo entre el 2013 y el 2015.La propuesta fue iniciada por <a href=\"https:\/\/hangar.org\/\" target=\"_blank\" rel=\"noopener\">Hangar<\/a> (Barcelona), en que tambi\u00e9n particip\u00f3 un grupo de investigadores de la UOC. El prop\u00f3sito era construir un marco conceptual para <strong>repensar el dise\u00f1o y los modelos de uso de las interfaces<\/strong> (especialmente, las interfaces gr\u00e1ficas de usuario), <strong>reflexionar sobre las relaciones de poder que esconden<\/strong> e <strong>indagar c\u00f3mo condicionan nuestras interacciones<\/strong>, entre otros aspectos. El manifiesto es el resultado de una metodolog\u00eda basada en el encuentro y la discusi\u00f3n abierta. Consta de catorce puntos y, entre otros, podemos destacar la idea de la interfaz como verbo (es aquello que pasa), como punta del iceberg de un sistema complejo de ag(en)t(s) interdependientes (c\u00f3digos, infraestructuras, personas, comportamientos, protocolos, tiempos, afectos\u2026), como aquello en que se inserta una ideolog\u00eda a pesar de que no sea siempre visible o la tendencia a ocuparse de un sujeto universal, est\u00e1ndar, que homogeneiza y excluye otras opciones.<\/p>\n<div class=\"featured featured-blue\"><\/p>\n<p>Manifiesto para una aproximaci\u00f3n cr\u00edtica a la interfaz de usuario:<\/p>\n<ol>\n<li>La interfaz es un dispositivo dise\u00f1ado y usado para facilitar la relaci\u00f3n entre sistemas.<\/li>\n<li><em>Interfaz<\/em> es un verbo (<em>I interface, you interface<\/em>\u2026). La interfaz pasa, es acci\u00f3n.<\/li>\n<li>La interfaz la encontramos en el pliego espacio-tiempo; es dispositivo y situaci\u00f3n a la vez. Es <em>render<\/em> (actualiza condiciones pensadas) y emergencia (asemeja una cosa nueva).<\/li>\n<li>La interfaz acumula trazas: los rastros y los restos de todos los ag(ents) que confluyen.<\/li>\n<li>La interfaz es la punta del iceberg de un complejo sistema de ag(ents) interdependientes: infraestructuras, c\u00f3digos, datos, usos, leyes, corporaciones, personas, sonidos, espacios, comportamientos, objetos, protocolos, botones, tiempos, afectos, efectos, defectos\u2026<\/li>\n<li>La interfaz se ha dise\u00f1ado en un contexto cultural y, a la vez, dise\u00f1a contextos culturales.<\/li>\n<li>La interfaz responde y materializa la l\u00f3gica econ\u00f3mica del sistema en que se inscribe. Es un dispositivo pol\u00edtico.<\/li>\n<li>La ideolog\u00eda de la interfaz siempre est\u00e1 incrustada en la misma interfaz; pero no es visible siempre.<\/li>\n<li>\u00bfSe puede hacer visible lo invisible? Cuanto m\u00e1s presencia tienen las interfaces en nuestras vidas, menos las notamos.<\/li>\n<li>Las interfaces usan met\u00e1foras que generan ilusiones: soy libre, puedo volver atr\u00e1s, tengo memoria ilimitada, soy an\u00f3nimo, soy popular, soy creativo, es gratis, es neutral, es simple, es universal.\u00a1Cuidado con las ilusiones!<\/li>\n<li>El est\u00e1ndar creado en la interfaz apela a un sujeto universal y genera procesos de homogeneizaci\u00f3n; pero reduce la complejidad y la diversidad. \u00bfQu\u00e9 excluye el est\u00e1ndar?<\/li>\n<li>Los usuarios tienen derecho a conocer qu\u00e9 esconde la interfaz. El acceso al conocimiento es un derecho fundamental.<\/li>\n<li>En el dise\u00f1o de la interfaz no solo se despliegan capacidades, sino tambi\u00e9n emociones y afectos. \u00bfC\u00f3mo se producen y circulan las emociones a las interfaces y con estas?<\/li>\n<li>El usuario y la interfaz son agencia, se coproducen y, por lo tanto, son capaces de definirse, redefinirse y contradecirse por acci\u00f3n u omisi\u00f3n.<\/li>\n<\/ol>\n<p>\n<\/div>\n<p>Una de las personas vinculadas a este proyecto es S\u00f8ren Pold, que, junto con Christian Ulrik Andersen, public\u00f3 <strong><em>Metainterface<\/em><\/strong> en 2018. El libro est\u00e1 en sinton\u00eda con los planteamientos del <em>Interface Manifiesto<\/em>, a pesar de que, en este caso, el discurso de los autores se forma haciendo una revisi\u00f3n de literatura previa y en casos de estudio de proyectos art\u00edsticos que ayudan a clarificar y a reforzar sus planteamientos. El libro parte de la base que, a pesar de que se intente <strong>hacer desaparecer la interfaz<\/strong> o camuflarla por el bien social, individual o funcional, <strong>la interfaz siempre resurge<\/strong>. Aunque se inserte en todas partes y que a menudo no prestemos atenci\u00f3n, hay una metainterfaz all\u00e1 donde se desplaza la interfaz. Plantean tres aspectos de la metainterfaz que est\u00e1n relacionados. En primer lugar, la metainterfaz describe un paradigma de interfaz contempor\u00e1neo: la estructura de un ordenador hace que cualquier interfaz sea una metainterfaz porque conecta datos con una infraestructura interconexionada m\u00e1s grande, que funciona sin descanso.La segunda caracter\u00edstica tiene que ver con el relato de fluidez e interacci\u00f3n inteligente, puesto que la metainterfaz forma parte de la percepci\u00f3n de un mundo globalizado y a tiempo real. En \u00faltimo lugar, plantean la pr\u00e1ctica art\u00edstica como un campo rico para aproximarse a las nuevas realidades que produce la metainterfaz y proponer escenarios alternativos.<\/p>\n<p>Tambi\u00e9n la llamada <em>cr\u00edtica de la interacci\u00f3n<\/em> (en ingl\u00e9s, <strong><em>interaction criticism<\/em><\/strong>) se postula como una disciplina que quiere interpretar rigurosamente las calidades materiales y perceptivas de las interfaces en sus v\u00ednculos con los lenguajes visuales y las formas culturales y en relaci\u00f3n con los significados, afectos y comportamientos desde la experiencia de usuario. Para fundamentar esta perspectiva, autores como James Bardzell se basan en la pr\u00e1ctica art\u00edstica como un \u00e1mbito que puede articular a la vez la experiencia est\u00e9tica y la teor\u00eda cr\u00edtica. Concretamente, encontramos cinco afirmaciones desde las cuales afrontar la cr\u00edtica de la interacci\u00f3n:<\/p>\n<ol>\n<li>El arte y la cr\u00edtica educan la percepci\u00f3n y dirigen actas de cognici\u00f3n\/conocimiento.<\/li>\n<li>La cr\u00edtica y la respuesta est\u00e9tica van de la mano, no se anteponen ni preceden la una a la otra.<\/li>\n<li>La actividad cr\u00edtica es de ida y vuelta: se\u00f1ala particularidades, pero tambi\u00e9n relaciones con el conjunto.<\/li>\n<li>El arte y la cr\u00edtica son reveladores.<\/li>\n<li>El arte y la cr\u00edtica son \u00e9ticamente inspiradores.<\/li>\n<\/ol>\n<p>Dentro de este marco de trabajo, la cr\u00edtica propuesta combina aspectos culturales (el creador, el artefacto, las personas que lo recibir\u00e1n o lo consumir\u00e1n y el contexto social) y de interacci\u00f3n (el dise\u00f1ador, la interfaz, las personas usuarias y, otra vez, el contexto social). Esta aproximaci\u00f3n quiere facilitar la comprensi\u00f3n de los aspectos m\u00e1s subjetivos y menos cuantificables del dise\u00f1o de la interacci\u00f3n.<\/p>\n<p>Por su parte, el dise\u00f1o de interacci\u00f3n reflexivo (<strong><em>thoughtful interaction design<\/em><\/strong>) tambi\u00e9n apela al hecho que el dise\u00f1o de artefactos interactivos crea conocimiento. En este caso, no hay tanto un \u00e9nfasis en la producci\u00f3n o en la creaci\u00f3n, sino en lo que este gesto comporta en cuanto que est\u00e1 inscrito en un contexto: responde a una situaci\u00f3n y tambi\u00e9n se inserta. Desde esta perspectiva, un dise\u00f1ador tiene que asumir su tarea como una cosa importante, orient\u00e1ndola a crear artefactos que sean valiosos \u2013en sentido cualitativo\u2013 y \u00fatiles. Este planteamiento est\u00e1 m\u00e1s asociado a buscar una funcionalidad que responda a un proceso maduro de reflexi\u00f3n.<\/p>\n<p>A continuaci\u00f3n, incluimos un resumen que quiere clarificar los puntos de inter\u00e9s principales de estas aproximaciones al dise\u00f1o de la interacci\u00f3n.<\/p>\n<figure id=\"attachment_825\" aria-describedby=\"caption-attachment-825\" style=\"width: 640px\" class=\"wp-caption alignnone\"><img decoding=\"async\" loading=\"lazy\" class=\"wp-image-825 size-full\" src=\"\/wp-content\/uploads\/2023\/02\/PID_00293914_34-1.jpg\" alt=\"\" width=\"640\" height=\"265\" srcset=\"\/wp-content\/uploads\/2023\/02\/PID_00293914_34-1.jpg 640w, \/wp-content\/uploads\/2023\/02\/PID_00293914_34-1-300x124.jpg 300w\" sizes=\"(max-width: 640px) 100vw, 640px\" \/><figcaption id=\"caption-attachment-825\" class=\"wp-caption-text\">Figura 25. Aproximaciones metodol\u00f3gicas<br \/>Fuente: elaboraci\u00f3n propia.<\/figcaption><\/figure>\n<p>En cuanto a la <strong>documentaci\u00f3n<\/strong> sobre estas aproximaciones metodol\u00f3gicas, queremos mencionar <a href=\"https:\/\/interfacecritique.net\" target=\"_blank\" rel=\"noopener\"><strong><em>Interface Critique<\/em><\/strong><\/a>, un proyecto nacido el 2014 que se presenta como una plataforma que facilita los di\u00e1logos sobre los aspectos hist\u00f3ricos, sociales, pol\u00edticos, culturales, art\u00edsticos y est\u00e9ticos de la interfaz para promover una aproximaci\u00f3n a la interfaz como fen\u00f3meno cultural. Sus propuestas se concretan en la edici\u00f3n de una revista con art\u00edculos de autor\u00edas diversas, compilaciones en formato texto de conferencias o libros monogr\u00e1ficos, entre otros.<\/p>\n<p id=\"tw-target-text\" class=\"tw-data-text tw-text-large tw-ta\" dir=\"ltr\" data-placeholder=\"Traducci\u00f3n\"><span class=\"Y2IQFc\" lang=\"es\">Por \u00faltimo, destacar la propuesta de <strong><em>Humanistic HCI<\/em><\/strong> (2015), realizada por Jeffrey Bardzell y Shaowen Bardzell a partir de las bases de <em>Interaction Criticism<\/em>. Los autores proponen una aproximaci\u00f3n human\u00edstica al HCI (<em>Human Computer Interaction<\/em>) como un \u00e1mbito de investigaci\u00f3n y de pr\u00e1ctica que incorpora las epistemolog\u00edas de las humanidades a los procesos, teor\u00edas, m\u00e9todos y principios de dise\u00f1o de la interacci\u00f3n persona-ordenador. Para un resumen detallado, recomendamos el art\u00edculo <a href=\"https:\/\/dl.acm.org\/doi\/10.1145\/2888576\" target=\"_blank\" rel=\"noopener\"><em>Humanistic HCI<\/em><\/a> de la revista <a href=\"https:\/\/dl.acm.org\/magazine\/interactions\" target=\"_blank\" rel=\"noopener\">Interactions<\/a>.<\/span><\/p>\n<p>Todas estas perspectivas cr\u00edticas dibujan un mapa que, si bien puede ser complejo o incluso confuso por la diversidad de miradas, nos ayudan a situar el papel \u2013y la responsabilidad\u2013 que tenemos como creadores de proyectos art\u00edsticos. Estos proyectos tienen una dimensi\u00f3n p\u00fablica y esto, por lo tanto, contribuye a configurar contextos y ofrece a la vez una rendija para poder atender de manera cr\u00edtica y razonada cuestiones que afectan el mundo que habitamos.<\/p>\n","protected":false},"excerpt":{"rendered":"<p>La cr\u00edtica a las interfaces y la interacci\u00f3n se puede llevar a cabo desde diferentes aproximaciones que buscan y proponen reflexionar sobre nuestras relaciones con los (nuevos) medios tecnol\u00f3gicos, desde las condiciones de producci\u00f3n hasta las implicaciones econ\u00f3micas o los efectos que tiene para otras especies y tambi\u00e9n clim\u00e1ticamente de manera m\u00e1s amplia. Uno de [&hellip;]<\/p>\n","protected":false},"author":2,"featured_media":0,"parent":0,"menu_order":0,"comment_status":"closed","ping_status":"closed","template":"","meta":[],"acf":[],"_links":{"self":[{"href":"http:\/\/quadern-interaccio-interactivitat-test.recursos.uoc.edu\/es\/wp-json\/wp\/v2\/pages\/489"}],"collection":[{"href":"http:\/\/quadern-interaccio-interactivitat-test.recursos.uoc.edu\/es\/wp-json\/wp\/v2\/pages"}],"about":[{"href":"http:\/\/quadern-interaccio-interactivitat-test.recursos.uoc.edu\/es\/wp-json\/wp\/v2\/types\/page"}],"author":[{"embeddable":true,"href":"http:\/\/quadern-interaccio-interactivitat-test.recursos.uoc.edu\/es\/wp-json\/wp\/v2\/users\/2"}],"replies":[{"embeddable":true,"href":"http:\/\/quadern-interaccio-interactivitat-test.recursos.uoc.edu\/es\/wp-json\/wp\/v2\/comments?post=489"}],"version-history":[{"count":4,"href":"http:\/\/quadern-interaccio-interactivitat-test.recursos.uoc.edu\/es\/wp-json\/wp\/v2\/pages\/489\/revisions"}],"predecessor-version":[{"id":827,"href":"http:\/\/quadern-interaccio-interactivitat-test.recursos.uoc.edu\/es\/wp-json\/wp\/v2\/pages\/489\/revisions\/827"}],"wp:attachment":[{"href":"http:\/\/quadern-interaccio-interactivitat-test.recursos.uoc.edu\/es\/wp-json\/wp\/v2\/media?parent=489"}],"curies":[{"name":"wp","href":"https:\/\/api.w.org\/{rel}","templated":true}]}}