{"id":500,"date":"2023-01-05T14:07:14","date_gmt":"2023-01-05T12:07:14","guid":{"rendered":"http:\/\/quadern-int-int-recursos-test.azurewebsites.net\/?page_id=500"},"modified":"2023-02-14T11:48:16","modified_gmt":"2023-02-14T09:48:16","slug":"6-2-instantaneidad","status":"publish","type":"page","link":"http:\/\/quadern-interaccio-interactivitat-test.recursos.uoc.edu\/es\/6-2-instantaneidad\/","title":{"rendered":"6.2. Instantaneidad"},"content":{"rendered":"<p>Una de las caracter\u00edsticas de nuestras interacciones es que cada vez tienden m\u00e1s a la <strong>inmediatez<\/strong> y la <strong>instantaneidad<\/strong>. Las interfaces, dispositivos o artefactos interactivos est\u00e1n cada vez m\u00e1s orientados a responder de manera inmediata: abro conversaci\u00f3n al asistente de voz y obtengo una respuesta en un tiempo r\u00e9cord o pulso \u00abactualizar bandeja de entrada\u00bb y no pasan ni dos segundos para comprobar si tenemos nuevos correos entrantes.<\/p>\n<p>De alguna manera, <strong>la velocidad es tal que se convierte en una no velocidad<\/strong>, porque \u00abla instantaneidad quiere decir que no requiere tiempo\u00bb. Evidentemente, este funcionamiento inmediato depende de varios factores, como el tipo de hardware que estamos usando o la velocidad de conexi\u00f3n a internet, en caso de que sean interacciones que dependan.<\/p>\n<div class=\"featured featured-blue\"><p>Podemos decir, pues, que la instantaneidad es t\u00e9cnica, depende de una mediaci\u00f3n que, en el fondo, siempre es material.<\/p>\n<\/div>\n<p>Es <strong>material<\/strong> porque, si pensamos, por ejemplo, en una interacci\u00f3n entre nosotros y un ordenador (sin que est\u00e9 conectado a internet), vemos que hay una <strong>mediaci\u00f3n f\u00edsica<\/strong>, que puede ser el teclado o el rat\u00f3n, una pantalla, un procesador y los semiconductores que permiten conducir los impulsos el\u00e9ctricos, entre otros muchos elementos. Si estamos hablando, por ejemplo, de un altavoz inteligente, es decir, conectado a internet, estas mediaciones se vuelven mucho m\u00e1s complejas: routers, cables de fibra \u00f3ptica terrestres y submarinos o centros de datos son algunos de los componentes que entran en juego.<\/p>\n<figure id=\"attachment_423\" aria-describedby=\"caption-attachment-423\" style=\"width: 697px\" class=\"wp-caption aligncenter\"><img decoding=\"async\" loading=\"lazy\" class=\"wp-image-424 \" src=\"\/wp-content\/uploads\/2023\/01\/PID_00293913_49.jpg\" alt=\"\" width=\"697\" height=\"342\" \/><figcaption id=\"caption-attachment-423\" class=\"wp-caption-text\">Figura 37. Mapa de cables submarinos<br \/>Fuente: extra\u00eddo de la web del proyecto Submarine Cable Map.<\/figcaption><\/figure>\n<p>Esta idea de la interacci\u00f3n instant\u00e1nea es producto de uno <strong>proceso de aceleraci\u00f3n<\/strong>, a que no todo el mundo tiene el mismo acceso ni lo vive igual. Aun as\u00ed, sea cual sea la velocidad de respuesta de un sistema, siempre hay un espacio de transmisi\u00f3n, uno entremedio, a pesar de que no siempre lo hemos considerado as\u00ed.<\/p>\n<p>Por ejemplo, con el cobre, que era el material de los cables telef\u00f3nicos (primeros cables de datos de internet) y de los cables el\u00e9ctricos en general, no se pensaba que la electricidad ten\u00eda una velocidad de propagaci\u00f3n muy alta, sino que estaba en diferentes lugares a la vez. A pesar de que actualmente podemos medir la velocidad, esta concepci\u00f3n contin\u00faa teniendo cierto sentido si la pensamos en relaci\u00f3n con los dispositivos y artefactos que tenemos al alcance y que nos permiten la interacci\u00f3n conectada con la ubicuidad: muy a menudo, la instantaneidad hace que nos olvidemos completamente de los retrasos y de la materialidad de los cables.<\/p>\n","protected":false},"excerpt":{"rendered":"<p>Una de las caracter\u00edsticas de nuestras interacciones es que cada vez tienden m\u00e1s a la inmediatez y la instantaneidad. Las interfaces, dispositivos o artefactos interactivos est\u00e1n cada vez m\u00e1s orientados a responder de manera inmediata: abro conversaci\u00f3n al asistente de voz y obtengo una respuesta en un tiempo r\u00e9cord o pulso \u00abactualizar bandeja de entrada\u00bb [&hellip;]<\/p>\n","protected":false},"author":2,"featured_media":0,"parent":0,"menu_order":0,"comment_status":"closed","ping_status":"closed","template":"","meta":[],"acf":[],"_links":{"self":[{"href":"http:\/\/quadern-interaccio-interactivitat-test.recursos.uoc.edu\/es\/wp-json\/wp\/v2\/pages\/500"}],"collection":[{"href":"http:\/\/quadern-interaccio-interactivitat-test.recursos.uoc.edu\/es\/wp-json\/wp\/v2\/pages"}],"about":[{"href":"http:\/\/quadern-interaccio-interactivitat-test.recursos.uoc.edu\/es\/wp-json\/wp\/v2\/types\/page"}],"author":[{"embeddable":true,"href":"http:\/\/quadern-interaccio-interactivitat-test.recursos.uoc.edu\/es\/wp-json\/wp\/v2\/users\/2"}],"replies":[{"embeddable":true,"href":"http:\/\/quadern-interaccio-interactivitat-test.recursos.uoc.edu\/es\/wp-json\/wp\/v2\/comments?post=500"}],"version-history":[{"count":3,"href":"http:\/\/quadern-interaccio-interactivitat-test.recursos.uoc.edu\/es\/wp-json\/wp\/v2\/pages\/500\/revisions"}],"predecessor-version":[{"id":801,"href":"http:\/\/quadern-interaccio-interactivitat-test.recursos.uoc.edu\/es\/wp-json\/wp\/v2\/pages\/500\/revisions\/801"}],"wp:attachment":[{"href":"http:\/\/quadern-interaccio-interactivitat-test.recursos.uoc.edu\/es\/wp-json\/wp\/v2\/media?parent=500"}],"curies":[{"name":"wp","href":"https:\/\/api.w.org\/{rel}","templated":true}]}}